{"id":680,"date":"2020-06-23T16:42:04","date_gmt":"2020-06-23T14:42:04","guid":{"rendered":"https:\/\/preview.fmig-online.de\/en\/?page_id=680"},"modified":"2025-09-08T10:00:16","modified_gmt":"2025-09-08T08:00:16","slug":"business-travel","status":"publish","type":"page","link":"https:\/\/fmig-online.de\/en\/services-for-exporters\/business-travel\/","title":{"rendered":"Business travel"},"content":{"rendered":"<p>Ob als Gesch\u00e4ftsreise mit reinen Wirtschaftsteilnehmern oder als Delegation unter politischer Federf\u00fchrung \u2013 eine Reise ins Ausland bietet erste Ankn\u00fcpfungspunkte f\u00fcr Ihre Gesch\u00e4ftskontakte.<\/p>\n<p><strong>Gef\u00f6rderte BMLEH-Projekte in Kooperation mit AHKs und Beratungsunternehmen<\/strong><\/p>\n<p>Au\u00dfenhandelskammern (AHKs) und verschiedene Beratungsunternehmen f\u00fchren mit Mitteln des Bundesministerium f\u00fcr Landwirtschaft, Ern\u00e4hrung und Heimat (BMLEH Ma\u00dfnahmen zur Exportf\u00f6rderung f\u00fcr Unternehmen durch, mit Konzentration auf Markterkundung und Gesch\u00e4ftsanbahnung. Die ideale Gelegenheit lokale Branchenexperten bis hin zu Einkaufsleitern in den jeweiligen L\u00e4ndern zu treffen. Alle Dienstleistungen in diesem Projekt werden durch die F\u00f6rdermittel des BMLEH finanziert. Der Eigenbeitrag der Unternehmen bezieht sich lediglich auf die Reisekosten.<\/p>\n<p><a href=\"https:\/\/fmig-online.de\/en\/wp-content\/uploads\/2020\/06\/20200115_BMEL_Unternehmerreisen__01.pdf\" target=\"_blank\" rel=\"noopener noreferrer\">Programm 2020 (Stand 01\/2020)<\/a><\/p>\n<p><a href=\"https:\/\/fmig-online.de\/en\/wp-content\/uploads\/2020\/06\/BMEL_Agrarexportfoerderung-1.pdf\" target=\"_blank\" rel=\"noopener noreferrer\">BMLEH Agrarf\u00f6rdeung allgemeine Information<\/a><\/p>\n","protected":false},"excerpt":{"rendered":"<p>Ob als Gesch\u00e4ftsreise mit reinen Wirtschaftsteilnehmern oder als Delegation unter politischer Federf\u00fchrung \u2013 eine Reise ins Ausland bietet erste Ankn\u00fcpfungspunkte f\u00fcr Ihre Gesch\u00e4ftskontakte. Gef\u00f6rderte BMLEH-Projekte [&#8230;] <\/p>\n<p><a href=\"https:\/\/fmig-online.de\/en\/services-for-exporters\/business-travel\/\" class=\"more-link\">weiterlesen<\/a><\/p>\n","protected":false},"author":1,"featured_media":0,"parent":79,"menu_order":5,"comment_status":"closed","ping_status":"closed","template":"tpl-business-travel.php","meta":{"footnotes":""},"class_list":["post-680","page","type-page","status-publish","hentry"],"_links":{"self":[{"href":"https:\/\/fmig-online.de\/en\/wp-json\/wp\/v2\/pages\/680","targetHints":{"allow":["GET"]}}],"collection":[{"href":"https:\/\/fmig-online.de\/en\/wp-json\/wp\/v2\/pages"}],"about":[{"href":"https:\/\/fmig-online.de\/en\/wp-json\/wp\/v2\/types\/page"}],"author":[{"embeddable":true,"href":"https:\/\/fmig-online.de\/en\/wp-json\/wp\/v2\/users\/1"}],"replies":[{"embeddable":true,"href":"https:\/\/fmig-online.de\/en\/wp-json\/wp\/v2\/comments?post=680"}],"version-history":[{"count":5,"href":"https:\/\/fmig-online.de\/en\/wp-json\/wp\/v2\/pages\/680\/revisions"}],"predecessor-version":[{"id":1149,"href":"https:\/\/fmig-online.de\/en\/wp-json\/wp\/v2\/pages\/680\/revisions\/1149"}],"up":[{"embeddable":true,"href":"https:\/\/fmig-online.de\/en\/wp-json\/wp\/v2\/pages\/79"}],"wp:attachment":[{"href":"https:\/\/fmig-online.de\/en\/wp-json\/wp\/v2\/media?parent=680"}],"curies":[{"name":"wp","href":"https:\/\/api.w.org\/{rel}","templated":true}]}}